{"id":14094,"date":"2023-09-07T02:34:37","date_gmt":"2023-09-07T06:34:37","guid":{"rendered":"https:\/\/site-dev.ca\/2711TT\/?page_id=14094"},"modified":"2023-09-11T16:31:14","modified_gmt":"2023-09-11T20:31:14","slug":"groupes-et-ateliers","status":"publish","type":"page","link":"https:\/\/familyservicesottawa.org\/fr\/services\/groupes-et-ateliers\/","title":{"rendered":"Groupes et ateliers"},"content":{"rendered":"\t\t<div data-elementor-type=\"wp-page\" data-elementor-id=\"14094\" class=\"elementor elementor-14094 elementor-12877\" data-elementor-post-type=\"page\">\n\t\t\t\t\t\t<section class=\"elementor-section elementor-top-section elementor-element elementor-element-46b0d46 elementor-section-height-min-height elementor-section-items-stretch elementor-section-boxed elementor-section-height-default\" data-id=\"46b0d46\" data-element_type=\"section\" data-e-type=\"section\" data-settings=\"{&quot;jet_parallax_layout_list&quot;:[{&quot;jet_parallax_layout_image&quot;:{&quot;url&quot;:&quot;&quot;,&quot;id&quot;:&quot;&quot;,&quot;size&quot;:&quot;&quot;},&quot;_id&quot;:&quot;31e5e89&quot;,&quot;jet_parallax_layout_image_tablet&quot;:{&quot;url&quot;:&quot;&quot;,&quot;id&quot;:&quot;&quot;,&quot;size&quot;:&quot;&quot;},&quot;jet_parallax_layout_image_mobile&quot;:{&quot;url&quot;:&quot;&quot;,&quot;id&quot;:&quot;&quot;,&quot;size&quot;:&quot;&quot;},&quot;jet_parallax_layout_speed&quot;:{&quot;unit&quot;:&quot;%&quot;,&quot;size&quot;:50,&quot;sizes&quot;:[]},&quot;jet_parallax_layout_type&quot;:&quot;scroll&quot;,&quot;jet_parallax_layout_direction&quot;:&quot;1&quot;,&quot;jet_parallax_layout_fx_direction&quot;:null,&quot;jet_parallax_layout_z_index&quot;:&quot;&quot;,&quot;jet_parallax_layout_bg_x&quot;:50,&quot;jet_parallax_layout_bg_x_tablet&quot;:&quot;&quot;,&quot;jet_parallax_layout_bg_x_mobile&quot;:&quot;&quot;,&quot;jet_parallax_layout_bg_y&quot;:50,&quot;jet_parallax_layout_bg_y_tablet&quot;:&quot;&quot;,&quot;jet_parallax_layout_bg_y_mobile&quot;:&quot;&quot;,&quot;jet_parallax_layout_bg_size&quot;:&quot;auto&quot;,&quot;jet_parallax_layout_bg_size_tablet&quot;:&quot;&quot;,&quot;jet_parallax_layout_bg_size_mobile&quot;:&quot;&quot;,&quot;jet_parallax_layout_animation_prop&quot;:&quot;transform&quot;,&quot;jet_parallax_layout_on&quot;:[&quot;desktop&quot;,&quot;tablet&quot;]}],&quot;background_background&quot;:&quot;classic&quot;,&quot;shape_divider_bottom&quot;:&quot;tilt&quot;}\">\n\t\t\t\t\t\t\t<div class=\"elementor-background-overlay\"><\/div>\n\t\t\t\t\t\t<div class=\"elementor-shape elementor-shape-bottom\" aria-hidden=\"true\" data-negative=\"false\">\n\t\t\t<svg xmlns=\"http:\/\/www.w3.org\/2000\/svg\" viewBox=\"0 0 1000 100\" preserveAspectRatio=\"none\">\n\t<path class=\"elementor-shape-fill\" d=\"M0,6V0h1000v100L0,6z\"\/>\n<\/svg>\t\t<\/div>\n\t\t\t\t\t<div class=\"elementor-container elementor-column-gap-default\">\n\t\t\t\t\t<div class=\"elementor-column elementor-col-100 elementor-top-column elementor-element elementor-element-09e661a\" data-id=\"09e661a\" data-element_type=\"column\" data-e-type=\"column\">\n\t\t\t<div class=\"elementor-widget-wrap elementor-element-populated\">\n\t\t\t\t\t\t<div class=\"elementor-element elementor-element-b07cfba elementor-widget elementor-widget-heading\" data-id=\"b07cfba\" data-element_type=\"widget\" data-e-type=\"widget\" data-widget_type=\"heading.default\">\n\t\t\t\t<div class=\"elementor-widget-container\">\n\t\t\t\t\t<h1 class=\"elementor-heading-title elementor-size-default\">Groupes et ateliers<\/h1>\t\t\t\t<\/div>\n\t\t\t\t<\/div>\n\t\t\t\t\t<\/div>\n\t\t<\/div>\n\t\t\t\t\t<\/div>\n\t\t<\/section>\n\t\t\t\t<section class=\"elementor-section elementor-top-section elementor-element elementor-element-1241936 elementor-section-boxed elementor-section-height-default elementor-section-height-default\" data-id=\"1241936\" data-element_type=\"section\" data-e-type=\"section\" data-settings=\"{&quot;jet_parallax_layout_list&quot;:[]}\">\n\t\t\t\t\t\t<div class=\"elementor-container elementor-column-gap-default\">\n\t\t\t\t\t<div class=\"elementor-column elementor-col-100 elementor-top-column elementor-element elementor-element-2e6f080\" data-id=\"2e6f080\" data-element_type=\"column\" data-e-type=\"column\">\n\t\t\t<div class=\"elementor-widget-wrap elementor-element-populated\">\n\t\t\t\t\t\t<div class=\"elementor-element elementor-element-603c675 elementor-widget elementor-widget-text-editor\" data-id=\"603c675\" data-element_type=\"widget\" data-e-type=\"widget\" data-widget_type=\"text-editor.default\">\n\t\t\t\t<div class=\"elementor-widget-container\">\n\t\t\t\t\t\t\t\t\t<p>Services \u00e0 la famille Ottawa offre une vari\u00e9t\u00e9 de groupes et d&rsquo;ateliers pour vous aider \u00e0 \u00e9tablir des liens avec d&rsquo;autres personnes et \u00e0 surmonter les d\u00e9fis de la vie. Notre personnel qualifi\u00e9 offre toute une gamme de s\u00e9ances vari\u00e9es pour r\u00e9pondre \u00e0 vos besoins. Les s\u00e9ances de th\u00e9rapie de groupe offrent un environnement de soutien o\u00f9 vous pouvez partager vos exp\u00e9riences avec d&rsquo;autres personnes qui comprennent ce que vous vivez. D\u2019autre part, nos ateliers sont con\u00e7us pour vous aider \u00e0 d\u00e9velopper les comp\u00e9tences dont vous avez besoin pour am\u00e9liorer votre sant\u00e9 mentale et votre bien-\u00eatre. Nous croyons que le fait d&rsquo;entrer en contact avec d&rsquo;autres personnes peut \u00eatre un moyen puissant de favoriser la gu\u00e9rison et la croissance, et nous nous engageons \u00e0 vous aider \u00e0 trouver le soutien et les ressources dont vous avez besoin pour vous \u00e9panouir.<\/p>\t\t\t\t\t\t\t\t<\/div>\n\t\t\t\t<\/div>\n\t\t\t\t\t<\/div>\n\t\t<\/div>\n\t\t\t\t\t<\/div>\n\t\t<\/section>\n\t\t\t\t<section class=\"elementor-section elementor-top-section elementor-element elementor-element-de54db1 elementor-section-boxed elementor-section-height-default elementor-section-height-default\" data-id=\"de54db1\" data-element_type=\"section\" data-e-type=\"section\" data-settings=\"{&quot;jet_parallax_layout_list&quot;:[]}\">\n\t\t\t\t\t\t<div class=\"elementor-container elementor-column-gap-default\">\n\t\t\t\t\t<div class=\"elementor-column elementor-col-100 elementor-top-column elementor-element elementor-element-3a55168\" data-id=\"3a55168\" data-element_type=\"column\" data-e-type=\"column\">\n\t\t\t<div class=\"elementor-widget-wrap elementor-element-populated\">\n\t\t\t\t\t\t<div class=\"elementor-element elementor-element-cdc184c elementor-widget elementor-widget-heading\" data-id=\"cdc184c\" data-element_type=\"widget\" data-e-type=\"widget\" data-widget_type=\"heading.default\">\n\t\t\t\t<div class=\"elementor-widget-container\">\n\t\t\t\t\t<h2 class=\"elementor-heading-title elementor-size-default\">Voici les services de groupes et les ateliers que nous offrons \u00e0 Ottawa :<\/h2>\t\t\t\t<\/div>\n\t\t\t\t<\/div>\n\t\t\t\t\t<\/div>\n\t\t<\/div>\n\t\t\t\t\t<\/div>\n\t\t<\/section>\n\t\t\t\t<\/div>\n\t\t","protected":false},"excerpt":{"rendered":"<p>Services \u00e0 la famille Ottawa offre une vari\u00e9t\u00e9 de groupes et d&rsquo;ateliers pour vous aider \u00e0 \u00e9tablir des liens avec d&rsquo;autres personnes et \u00e0 surmonter les d\u00e9fis de la vie. Notre personnel qualifi\u00e9 offre toute une gamme de s\u00e9ances vari\u00e9es pour r\u00e9pondre \u00e0 vos besoins. Les s\u00e9ances de th\u00e9rapie de groupe offrent un environnement de [&hellip;]<\/p>\n","protected":false},"author":8,"featured_media":0,"parent":14091,"menu_order":0,"comment_status":"closed","ping_status":"closed","template":"groups-workshops.php","meta":{"_acf_changed":false,"footnotes":""},"class_list":["post-14094","page","type-page","status-publish","hentry"],"acf":[],"_links":{"self":[{"href":"https:\/\/familyservicesottawa.org\/fr\/wp-json\/wp\/v2\/pages\/14094","targetHints":{"allow":["GET"]}}],"collection":[{"href":"https:\/\/familyservicesottawa.org\/fr\/wp-json\/wp\/v2\/pages"}],"about":[{"href":"https:\/\/familyservicesottawa.org\/fr\/wp-json\/wp\/v2\/types\/page"}],"author":[{"embeddable":true,"href":"https:\/\/familyservicesottawa.org\/fr\/wp-json\/wp\/v2\/users\/8"}],"replies":[{"embeddable":true,"href":"https:\/\/familyservicesottawa.org\/fr\/wp-json\/wp\/v2\/comments?post=14094"}],"version-history":[{"count":5,"href":"https:\/\/familyservicesottawa.org\/fr\/wp-json\/wp\/v2\/pages\/14094\/revisions"}],"predecessor-version":[{"id":14251,"href":"https:\/\/familyservicesottawa.org\/fr\/wp-json\/wp\/v2\/pages\/14094\/revisions\/14251"}],"up":[{"embeddable":true,"href":"https:\/\/familyservicesottawa.org\/fr\/wp-json\/wp\/v2\/pages\/14091"}],"wp:attachment":[{"href":"https:\/\/familyservicesottawa.org\/fr\/wp-json\/wp\/v2\/media?parent=14094"}],"curies":[{"name":"wp","href":"https:\/\/api.w.org\/{rel}","templated":true}]}}